{"id":3,"date":"2020-12-04T09:23:57","date_gmt":"2020-12-04T08:23:57","guid":{"rendered":"https:\/\/cm.acciaiterni.it\/?page_id=3"},"modified":"2021-01-25T10:53:53","modified_gmt":"2021-01-25T09:53:53","slug":"privacy-policy","status":"publish","type":"page","link":"https:\/\/cm.acciaiterni.it\/?page_id=3","title":{"rendered":"Privacy Policy"},"content":{"rendered":"<div  class='avia-image-container  av-styling-    avia-builder-el-0  el_before_av_textblock  avia-builder-el-first  avia-align-center '  itemprop=\"image\" itemscope=\"itemscope\" itemtype=\"https:\/\/schema.org\/ImageObject\"  ><div class='avia-image-container-inner'><div class='avia-image-overlay-wrap'><img decoding=\"async\" class='wp-image-1128 avia-img-lazy-loading-not-1128 avia_image' src=\"https:\/\/cm.acciaiterni.it\/wp-content\/uploads\/2021\/01\/CMA_logo_sx.png\" alt='' title='CMA_logo_sx' height=\"102\" width=\"301\"  itemprop=\"thumbnailUrl\"  \/><\/div><\/div><\/div>\n<section class=\"av_textblock_section \"  itemscope=\"itemscope\" itemtype=\"https:\/\/schema.org\/CreativeWork\" ><div class='avia_textblock  '   itemprop=\"text\" ><p><strong>INFORMATIVA AL TRATTAMENTO DEI DATI PERSONALI<\/strong><\/p>\n<p>ai sensi e per gli effetti dell\u2019art. 13 del Regolamento Europeo 2016\/679<\/p>\n<p>relativo alla protezione delle persone fisiche con riguardo al trattamento dei dati personali<\/p>\n<p>(GENERAL DATA PROTECTION REGULATION &#8211; GDPR)<\/p>\n<p>Con il presente documento (\u201cInformativa\u201d) <strong>Cassa Mutua Aziendale dipendenti Acciai Speciali Terni S.p.A.<\/strong> in qualit\u00e0 di Titolare del Trattamento, desidera informarLa sulle finalit\u00e0 e le modalit\u00e0 del trattamento dei Suoi dati personali e sui diritti che Le sono riconosciuti dal <strong>Regolamento (UE) 2016\/679<\/strong> <em>relativo alla protezione delle persone fisiche, con riguardo al trattamento dei dati personali nonch\u00e9 alla loro libera circolazione<\/em> (\u201c<strong>GDPR<\/strong>\u201d) e dal <strong>D.Lgs. 196\/2003<\/strong> cos\u00ec come modificato e integrato dal <strong>D.Lgs. 101\/2018<\/strong>.<\/p>\n<p><strong>\u00a0<\/strong><\/p>\n<ol>\n<li><strong>Titolare del trattamento e Responsabile del Trattamento<\/strong><\/li>\n<\/ol>\n<p><strong>Cassa Mutua Aziendale dipendenti Acciai Speciali Terni S.p.A.<\/strong>, con sede in Terni, viale Benedetto Brin n. 218, c.f. 80003510551, in qualit\u00e0 di titolare del trattamento dei suoi dati personali (in seguito \u201c<strong>CMA<\/strong>\u201d o \u201c<strong>Titolare<\/strong>\u201d).<\/p>\n<p><strong>\u00a0<\/strong><\/p>\n<ol start=\"2\">\n<li><strong>Informazioni sul trattamento<\/strong><\/li>\n<\/ol>\n<p>I dati personali oggetto di trattamento sono raccolti direttamente da parte di CMA, o da parte di soggetti terzi dalla stessa espressamente autorizzati.<\/p>\n<p><strong>\u00a0<\/strong><\/p>\n<ol start=\"3\">\n<li><strong>Dati personali trattati<\/strong><\/li>\n<\/ol>\n<p>I dati personali oggetto di trattamento da Lei messi a disposizione di CMA e trattati unicamente per le finalit\u00e0 di cui al paragrafo 4. sono i dati personali anagrafici e categorie<strong> particolari di dati<\/strong> <strong>personali<\/strong> di cui all\u2019art. 9 del GDPR, quali la <u>presenza di sintomi da febbre, mal di gola, tosse, mancanza di fiato, dolori muscolari, malessere o debolezza<\/u> , da Lei volontariamente messi a disposizione di CMA e trattati unicamente per le finalit\u00e0 di seguito indicate.<\/p>\n<ol start=\"4\">\n<li><strong>Finalit\u00e0 del trattamento e base giuridica e finalit\u00e0 del trattamento<\/strong><\/li>\n<\/ol>\n<p>La base giuridica del trattamento si identifica nella costituzione, esecuzione ed eventuale risoluzione del contratto stipulato tra Lei e CMA e negli obblighi al medesimo contratto connessi e\/o dal medesimo direttamente e\/o indirettamente derivanti.<\/p>\n<p>I dati personali da Lei messi a disposizione di CMA potranno essere utilizzati esclusivamente per finalit\u00e0 connesse alla prenotazione, gestione ed erogazione di servizi inerenti prestazioni di prevenzione, diagnosi, cura e riabilitazione per il cui scopo i dati stessi sono stati richiesti, incluse le <u>finalit\u00e0 legate alla salvaguardia e alla prevenzione straordinaria di salute e gestione dell\u2019emergenza epidemiologica da COVID-19 (di seguito anche \u201cCoronavirus\u201d<\/u>).<\/p>\n<p>La base giuridica del trattamento relativo all\u2019emergenza <u>epidemiologica da Coronavirus s<\/u>i identifica nella implementazione dei protocolli di sicurezza anti-contagio ai sensi dell\u2019art. 1, n. 7, lett. d) del DPCM 11 marzo 2020.<\/p>\n<ol start=\"5\">\n<li><strong>Natura del trattamento<\/strong><\/li>\n<\/ol>\n<p>Il conferimento dei dati personali \u00e8 necessario.<\/p>\n<p>L&#8217;eventuale rifiuto di fornire i dati richiesti e\/o la loro inesattezza potrebbe comportare l\u2019impossibilit\u00e0 per il Titolare:<\/p>\n<ol>\n<li>di procedere all\u2019esecuzione delle attivit\u00e0 di verifica volte a determinare la possibilit\u00e0 di effettuare l\u2019ingresso presso AST;<\/li>\n<li>per il raggiungimento di finalit\u00e0 legate alla salvaguardia e alla prevenzione straordinaria di salute e gestione dell\u2019emergenza epidemiologica da Coronavirus.<\/li>\n<\/ol>\n<ol start=\"6\">\n<li><strong>Modalit\u00e0 di trattamento e conservazione dei dati<\/strong><\/li>\n<\/ol>\n<p>I dati sono trattati da CMA conformemente alle vigenti normative in materia di Privacy. In particolare, il Titolare effettua il trattamento dei dati personali mediante strumenti informatici e\/o telematici e con modalit\u00e0 organizzative e logiche strettamente correlate al perseguimento delle finalit\u00e0 indicate nella presente Informativa, nonch\u00e9 adotta le misure di sicurezza adeguate ed opportune al fine di impedire l\u2019accesso, la divulgazione, la modifica o la distruzione non autorizzati dei dati personali. CMA si impegna altres\u00ec a trattare i dati secondo i principi di correttezza, liceit\u00e0 e trasparenza, a raccoglierli nella misura necessaria ed esatta per il trattamento e a consentirne l\u2019utilizzo solo da parte di personale allo scopo autorizzato.<\/p>\n<p>La gestione e la conservazione dei dati personali avverr\u00e0 su server del Titolare e\/o di societ\u00e0 terze, incaricate e debitamente nominate quali Responsabili o Sub-responsabili del trattamento.<\/p>\n<p>Attualmente i server sono situati in Italia. I dati non saranno oggetto di trasferimento al di fuori dell\u2019Unione Europea. Resta in ogni caso inteso che il Titolare, ove si rendesse necessario, avr\u00e0 facolt\u00e0 di spostare l\u2019ubicazione dei server, in Italia, all\u2019interno dell\u2019Unione Europea e\/o in Paesi extra-UE. In tal caso, il Titolare assicura sin d\u2019ora che il trasferimento dei dati extra-UE avverr\u00e0 in conformit\u00e0 agli artt. 44 ss. del GDPR ed alle disposizioni di legge applicabili stipulando, se necessario, accordi che garantiscano un livello di protezione adeguato.<\/p>\n<ol start=\"7\">\n<li><strong>Periodo di conservazione dei dati<\/strong><\/li>\n<\/ol>\n<p>I dati personali saranno conservati per il periodo di tempo necessario al perseguimento delle finalit\u00e0 descritte nella presente informativa e, in ogni caso, saranno conservati per tutta la durata dello stato di emergenza nazionale e per i 6 mesi successivi alla proclamazione della fine dello stato di emergenza salvo casi di contenzioso connessi al conteggio da Coronavirus in cui CMA sar\u00e0 eventualmente coinvolta.<\/p>\n<ol start=\"8\">\n<li><strong>Destinatari o Categorie di destinatari dei dati personali <\/strong><\/li>\n<\/ol>\n<p>All\u2019interno della CMA potranno venire a conoscenza dei Suoi dati personali anagrafici, il personale medico\/paramedico\/odontoiatrico\/assistente odontoiatra e il personale amministrativo.<\/p>\n<p>All\u2019interno della CMA potr\u00e0 venire a conoscenza di categorie particolari di suoi dati personali, solamente il personale medico\/paramedico\/odontoiatrico\/assistente odontoiatra medico che eroga la prestazione sanitaria.<\/p>\n<p>Nel perseguimento delle suddette finalit\u00e0, CMA potr\u00e0 inoltre avvalersi delle seguenti categorie di soggetti, che potranno parimenti venire a conoscenza dei Suoi dati personali: soggetti e\/o enti che operano in ambito sanitario (ivi inclusi i medici competenti incaricati ai sensi del D. Lgs. n. 81\/2008); i soggetti e le societ\u00e0 chiamate eventualmente a gestire e\/o a partecipare alla gestione e\/o alla manutenzione dei nostri siti internet e degli strumenti elettronici e\/o telematici; qualsiasi altro soggetto cui i dati dovranno essere comunicati in base ad un\u2019espressa disposizione di legge.<\/p>\n<p>L\u2019elenco aggiornato dei Responsabili e dei soggetti autorizzati al trattamento \u00e8 custodito presso la sede del Titolare del trattamento e si trova a disposizione dell\u2019Interessato previa richiesta da effettuare scrivendo all\u2019indirizzo PEC <a href=\"mailto:amministrazione.cassamutua@pec.acciaiterni.info\">amministrazione.cassamutua@pec.acciaiterni.info<\/a><\/p>\n<ol start=\"9\">\n<li><strong>Diritti dell\u2019interessato<\/strong><\/li>\n<\/ol>\n<p>La informiamo che in qualunque momento relativamente ai Suoi dati, Lei potr\u00e0 esercitare i diritti previsti nei limiti ed alle condizioni previste dagli articoli 15-22 del GDPR 2016\/679. Nel dettaglio:<\/p>\n<ol>\n<li>Diritto di accesso (art. 15);<\/li>\n<li>Diritto di rettifica (art. 16);<\/li>\n<li>Diritto alla cancellazione (art. 17);<\/li>\n<li>Diritto di limitazione di trattamento (art. 18);<\/li>\n<li>Diritto alla portabilit\u00e0 dei dati (art. 20);<\/li>\n<li>Diritto di opposizione (art. 21).<\/li>\n<\/ol>\n<p>L\u2019interessato potr\u00e0 in qualsiasi momento esercitare i diritti di cui all\u2019art. 15 del Regolamento nelle seguenti modalit\u00e0:<\/p>\n<ul>\n<li>invio di una raccomandata a.r. a: Cassa Mutua Aziendale dipendenti Acciai Speciali Terni S.p.A., alla c.a. del Presidente Dott. Giovanni Scordo, viale Benedetto Brin n. 218, 05100 Terni;<\/li>\n<li>per mezzo PEC all\u2019indirizzo <a href=\"mailto:amministrazione.cassamutua@pec.acciaiterni.info\">cassamutua@pec.acciaiterni.info<\/a>.<\/li>\n<\/ul>\n<p>La informiamo che CMA si impegna a rispondere alle sue richieste al pi\u00f9 tardi entro un mese dal ricevimento della richiesta. Tale termine potrebbe essere prorogato in funzione di complessit\u00e0 o numerosit\u00e0 delle richieste.<\/p>\n<p>Nel dettaglio l\u2019interessato ha il diritto di<strong>:<\/strong><\/p>\n<ul>\n<li>chiedere al Titolare del Trattamento l\u2019accesso, la rettifica o la cancellazione (\u201cDiritto all\u2019Oblio\u201d) dei dati personali o la limitazione del trattamento dei dati personali che lo riguardano o di opporsi al loro trattamento;<\/li>\n<li>ottenere la portabilit\u00e0 dei dati;<\/li>\n<li>proporre reclamo a un&#8217;autorit\u00e0 di controllo ai sensi degli artt. 77 ss. GDPR.<\/li>\n<\/ul>\n<p>Qualsiasi richiesta relativa ai dati personali trattati da CMA potr\u00e0 essere inviata presso la sede legale della CMA, oppure scrivendo all\u2019indirizzo PEC <a href=\"mailto:amministrazione.cassamutua@pec.acciaiterni.info\">amministrazione.cassamutua@pec.acciaiterni.info<\/a>.<\/p>\n<p><strong><em>\u00a0<\/em><\/strong><\/p>\n<p>Detta informativa \u00e8 da intendersi prestata anche per i dati dei minori, gl\u2019interdetti, gl\u2019inabilitati e i soggetti assistiti da amministratori di sostegno che accederanno alle prestazioni della CMA.<\/p>\n<p>Per presa visione<\/p>\n<p><strong>\u00a0<\/strong><\/p>\n<table>\n<tbody>\n<tr>\n<td width=\"345\"><strong>\u00a0<\/strong><\/td>\n<td width=\"345\">\n<p><strong>Titolare del trattamento<\/strong><\/p>\n<p>Cassa Mutua Aziendale dipendenti Acciai Speciali Terni S.p.A.<\/p>\n<p><strong>\u00a0<\/strong><\/p>\n<\/td>\n<\/tr>\n<\/tbody>\n<\/table>\n<p><strong>\u00a0<\/strong><\/p>\n<\/div><\/section>\n","protected":false},"excerpt":{"rendered":"","protected":false},"author":1,"featured_media":0,"parent":0,"menu_order":0,"comment_status":"closed","ping_status":"open","template":"","meta":{"footnotes":""},"class_list":["post-3","page","type-page","status-publish","hentry"],"_links":{"self":[{"href":"https:\/\/cm.acciaiterni.it\/index.php?rest_route=\/wp\/v2\/pages\/3","targetHints":{"allow":["GET"]}}],"collection":[{"href":"https:\/\/cm.acciaiterni.it\/index.php?rest_route=\/wp\/v2\/pages"}],"about":[{"href":"https:\/\/cm.acciaiterni.it\/index.php?rest_route=\/wp\/v2\/types\/page"}],"author":[{"embeddable":true,"href":"https:\/\/cm.acciaiterni.it\/index.php?rest_route=\/wp\/v2\/users\/1"}],"replies":[{"embeddable":true,"href":"https:\/\/cm.acciaiterni.it\/index.php?rest_route=%2Fwp%2Fv2%2Fcomments&post=3"}],"version-history":[{"count":3,"href":"https:\/\/cm.acciaiterni.it\/index.php?rest_route=\/wp\/v2\/pages\/3\/revisions"}],"predecessor-version":[{"id":1743,"href":"https:\/\/cm.acciaiterni.it\/index.php?rest_route=\/wp\/v2\/pages\/3\/revisions\/1743"}],"wp:attachment":[{"href":"https:\/\/cm.acciaiterni.it\/index.php?rest_route=%2Fwp%2Fv2%2Fmedia&parent=3"}],"curies":[{"name":"wp","href":"https:\/\/api.w.org\/{rel}","templated":true}]}}