{"id":1699,"date":"2021-01-13T17:20:11","date_gmt":"2021-01-13T16:20:11","guid":{"rendered":"https:\/\/cm.acciaiterni.it\/?page_id=1699"},"modified":"2025-09-14T22:12:38","modified_gmt":"2025-09-14T20:12:38","slug":"reumatologia","status":"publish","type":"page","link":"https:\/\/cm.acciaiterni.it\/?page_id=1699","title":{"rendered":"REUMATOLOGIA"},"content":{"rendered":"<div id='layer_slider_1'  class='avia-layerslider main_color avia-shadow  avia-builder-el-0  el_before_av_layout_row  avia-builder-el-first  container_wrap fullsize' style='  height: 451px; max-width: 1500px; margin: 0 auto;' ><\/div>\n<div id='av-layout-grid-1'  class='av-layout-grid-container entry-content-wrapper main_color av-fixed-cells     avia-builder-el-1  el_after_av_layerslider  el_before_av_heading  submenu-not-first container_wrap fullsize' style=' '  >\n<div class=\"flex_cell no_margin av_one_half  avia-builder-el-2  el_before_av_cell_one_half  avia-builder-el-first   \"  style='vertical-align:top; padding:9px 0px 0px 0px ; background-color:#2388c2; ' ><div class='flex_cell_inner' ><\/div><\/div><div class=\"flex_cell no_margin av_one_half  avia-builder-el-3  el_after_av_cell_one_half  avia-builder-el-last   \"  style='vertical-align:top; padding:9px 0px 0px 0px ; background-color:#5fb4e4; ' ><div class='flex_cell_inner' ><\/div><\/div>\n<\/div><div id='after_submenu_1'  class='main_color av_default_container_wrap container_wrap fullsize' style=' '  ><div class='container' ><div class='template-page content  av-content-full alpha units'><div class='post-entry post-entry-type-page post-entry-1699'><div class='entry-content-wrapper clearfix'>\n<div  style='padding-bottom:10px; ' class='av-special-heading av-special-heading-h2  blockquote modern-quote  avia-builder-el-4  el_after_av_layout_row  el_before_av_one_full  avia-builder-el-first  '><h2 class='av-special-heading-tag '  itemprop=\"headline\"  >REUMATOLOGIA<\/h2><div class='special-heading-border'><div class='special-heading-inner-border' ><\/div><\/div><\/div>\n<div class=\"flex_column av_one_full  flex_column_div av-zero-column-padding first  avia-builder-el-5  el_after_av_heading  el_before_av_heading  \" style='border-radius:0px; '><section class=\"av_textblock_section \"  itemscope=\"itemscope\" itemtype=\"https:\/\/schema.org\/CreativeWork\" ><div class='avia_textblock  '   itemprop=\"text\" ><p>La visita Reumatologica \u00e8 fondamentale per la prevenzione, la diagnosi e la cura delle malattie reumatiche dell\u2019adulto: artriti, artrosi, artrite reumatoide e anche osteoporosi.<\/p>\n<p>Il Reumatologo dopo aver raccolto il maggior numero di informazioni possibili sulla storia clinica e sullo stile di vita del paziente (alimentazione, vizio del fumo, livello di attivit\u00e0 fisica e di sedentariet\u00e0, eventuali patologie in corso, interventi precedenti, casi in famiglia di patologie simili, assunzione di farmaci) esegue l\u2019esame obiettivo degli apparati e\/o degli organi interessati e, se necessario, prescrive ulteriori esami diagnostici. Al termine della prima visita, di norma, il medico specialista in Remautologia consiglia il trattamento pi\u00f9 indicato, che nella maggior parte dei casi sar\u00e0 di tipo farmacologico. Successivamente \u00e8 indispensabile sottoporsi alle visite di controllo per monitorare la progressione della patologia reumatica o per ottimizzare la terapia di volta in volta.<\/p>\n<p>Presso gli ambulatori della Cassa Mutua Aziendale \u00e8 possibile effettuare la visita specialistica remautologica.<\/p>\n<\/div><\/section><\/div>\n<div  style='padding-bottom:10px; ' class='av-special-heading av-special-heading-h3  blockquote modern-quote  avia-builder-el-7  el_after_av_one_full  el_before_av_hr  '><h3 class='av-special-heading-tag '  itemprop=\"headline\"  >SPECIALISTI<\/h3><div class='special-heading-border'><div class='special-heading-inner-border' ><\/div><\/div><\/div>\n<div   class='hr hr-default   avia-builder-el-8  el_after_av_heading  el_before_av_one_fourth '><span class='hr-inner ' ><span class='hr-inner-style'><\/span><\/span><\/div>\n<div class=\"flex_column av_one_fourth  flex_column_div av-zero-column-padding first  avia-builder-el-9  el_after_av_hr  avia-builder-el-last  \" style='border-radius:0px; '><p><div  class='avia-image-container  av-styling-    avia-builder-el-10  el_before_av_textblock  avia-builder-el-first  avia-align-center '  itemprop=\"image\" itemscope=\"itemscope\" itemtype=\"https:\/\/schema.org\/ImageObject\"  ><div class='avia-image-container-inner'><div class='avia-image-overlay-wrap'><img decoding=\"async\" class='wp-image-1960 avia-img-lazy-loading-not-1960 avia_image' src=\"https:\/\/cm.acciaiterni.it\/wp-content\/uploads\/2021\/02\/Dottore.jpg\" alt='' title='Dottore' height=\"403\" width=\"385\"  itemprop=\"thumbnailUrl\" srcset=\"https:\/\/cm.acciaiterni.it\/wp-content\/uploads\/2021\/02\/Dottore.jpg 385w, https:\/\/cm.acciaiterni.it\/wp-content\/uploads\/2021\/02\/Dottore-287x300.jpg 287w\" sizes=\"(max-width: 385px) 100vw, 385px\" \/><\/div><\/div><\/div><br \/>\n<section class=\"av_textblock_section \"  itemscope=\"itemscope\" itemtype=\"https:\/\/schema.org\/CreativeWork\" ><div class='avia_textblock  '   itemprop=\"text\" ><p style=\"text-align: center;\"><b>\u00a0Dott.Marco Ponteggia<\/b><\/p>\n<\/div><\/section><\/p><\/div>\n","protected":false},"excerpt":{"rendered":"","protected":false},"author":1,"featured_media":0,"parent":1459,"menu_order":0,"comment_status":"closed","ping_status":"closed","template":"","meta":{"footnotes":""},"class_list":["post-1699","page","type-page","status-publish","hentry"],"_links":{"self":[{"href":"https:\/\/cm.acciaiterni.it\/index.php?rest_route=\/wp\/v2\/pages\/1699","targetHints":{"allow":["GET"]}}],"collection":[{"href":"https:\/\/cm.acciaiterni.it\/index.php?rest_route=\/wp\/v2\/pages"}],"about":[{"href":"https:\/\/cm.acciaiterni.it\/index.php?rest_route=\/wp\/v2\/types\/page"}],"author":[{"embeddable":true,"href":"https:\/\/cm.acciaiterni.it\/index.php?rest_route=\/wp\/v2\/users\/1"}],"replies":[{"embeddable":true,"href":"https:\/\/cm.acciaiterni.it\/index.php?rest_route=%2Fwp%2Fv2%2Fcomments&post=1699"}],"version-history":[{"count":6,"href":"https:\/\/cm.acciaiterni.it\/index.php?rest_route=\/wp\/v2\/pages\/1699\/revisions"}],"predecessor-version":[{"id":2764,"href":"https:\/\/cm.acciaiterni.it\/index.php?rest_route=\/wp\/v2\/pages\/1699\/revisions\/2764"}],"up":[{"embeddable":true,"href":"https:\/\/cm.acciaiterni.it\/index.php?rest_route=\/wp\/v2\/pages\/1459"}],"wp:attachment":[{"href":"https:\/\/cm.acciaiterni.it\/index.php?rest_route=%2Fwp%2Fv2%2Fmedia&parent=1699"}],"curies":[{"name":"wp","href":"https:\/\/api.w.org\/{rel}","templated":true}]}}