{"id":1619,"date":"2021-01-13T16:24:39","date_gmt":"2021-01-13T15:24:39","guid":{"rendered":"https:\/\/cm.acciaiterni.it\/?page_id=1619"},"modified":"2023-01-23T15:28:03","modified_gmt":"2023-01-23T14:28:03","slug":"dermatologia-2","status":"publish","type":"page","link":"https:\/\/cm.acciaiterni.it\/?page_id=1619","title":{"rendered":"DERMATOLOGIA"},"content":{"rendered":"<div id='layer_slider_1'  class='avia-layerslider main_color avia-shadow  avia-builder-el-0  el_before_av_layout_row  avia-builder-el-first  container_wrap fullsize' style='  height: 451px; max-width: 1500px; margin: 0 auto;' ><\/div>\n<div id='av-layout-grid-1'  class='av-layout-grid-container entry-content-wrapper main_color av-fixed-cells     avia-builder-el-1  el_after_av_layerslider  el_before_av_heading  submenu-not-first container_wrap fullsize' style=' '  >\n<div class=\"flex_cell no_margin av_one_half  avia-builder-el-2  el_before_av_cell_one_half  avia-builder-el-first   \"  style='vertical-align:top; padding:9px 0px 0px 0px ; background-color:#2388c2; ' ><div class='flex_cell_inner' ><\/div><\/div><div class=\"flex_cell no_margin av_one_half  avia-builder-el-3  el_after_av_cell_one_half  avia-builder-el-last   \"  style='vertical-align:top; padding:9px 0px 0px 0px ; background-color:#5fb4e4; ' ><div class='flex_cell_inner' ><\/div><\/div>\n<\/div><div id='after_submenu_1'  class='main_color av_default_container_wrap container_wrap fullsize' style=' '  ><div class='container' ><div class='template-page content  av-content-full alpha units'><div class='post-entry post-entry-type-page post-entry-1619'><div class='entry-content-wrapper clearfix'>\n<div  style='padding-bottom:10px; ' class='av-special-heading av-special-heading-h2  blockquote modern-quote  avia-builder-el-4  el_after_av_layout_row  el_before_av_one_full  avia-builder-el-first  '><h2 class='av-special-heading-tag '  itemprop=\"headline\"  >DERMATOLOGIA<\/h2><div class='special-heading-border'><div class='special-heading-inner-border' ><\/div><\/div><\/div>\n<div class=\"flex_column av_one_full  flex_column_div av-zero-column-padding first  avia-builder-el-5  el_after_av_heading  el_before_av_heading  \" style='border-radius:0px; '><section class=\"av_textblock_section \"  itemscope=\"itemscope\" itemtype=\"https:\/\/schema.org\/CreativeWork\" ><div class='avia_textblock  '   itemprop=\"text\" ><p>La Dermatologia si occupa della prevenzione, diagnosi e cura delle malattie della pelle e degli annessi cutanei (unghie, ghiandole sudorifere, peli, capelli, ecc) sia di ambito medico che chirurgico. Molte malattie dermatologiche sono la manifestazione di un disturbo sistemico, che interessa diversi tessuti o organi del corpo.<\/p>\n<p>Il dermatologo dopo aver raccolto le informazioni sullo stile di vita del paziente, eventuali patologie a carico, familiarit\u00e0 con patologie dermatologiche, passer\u00e0 a esaminare le manifestazioni cutanee e, se opportuno, potr\u00e0 richiedere esami strumentali (test allergologici, biopsia cutanea) \u00a0e\/o del sangue.<\/p>\n<p>Presso gli ambulatori della Cassa Mutua Aziendale \u00e8 possibile effettuare:<\/p>\n<ul>\n<li>Visita specialistica dermatologica<\/li>\n<li>Diagnosi e terapia delle malattie della pelle e degli annessi (capelli-unghie)<\/li>\n<li>Diagnosi e terapia delle malattie a trasmissione sessuale<\/li>\n<li>Dermoscopia e videodermoscopia per la valutazione ed il monitoraggio dei nevi e per la diagnosi precoce del melanoma cutanea<\/li>\n<li>Crioterapia e DTC delle neoformazioni cutanee benigne e pre-maligne<\/li>\n<li>Diagnosi e terapia dei tumori cutanei<\/li>\n<li>Dermochirurgia delle neoformazioni cutanee<\/li>\n<\/ul>\n<\/div><\/section><\/div>\n<div  style='padding-bottom:10px; ' class='av-special-heading av-special-heading-h3  blockquote modern-quote  avia-builder-el-7  el_after_av_one_full  el_before_av_hr  '><h3 class='av-special-heading-tag '  itemprop=\"headline\"  >SPECIALISTI<\/h3><div class='special-heading-border'><div class='special-heading-inner-border' ><\/div><\/div><\/div>\n<div   class='hr hr-default   avia-builder-el-8  el_after_av_heading  el_before_av_one_fourth '><span class='hr-inner ' ><span class='hr-inner-style'><\/span><\/span><\/div>\n<div class=\"flex_column av_one_fourth  flex_column_div av-zero-column-padding first  avia-builder-el-9  el_after_av_hr  el_before_av_one_fourth  \" style='border-radius:0px; '><p><div  class='avia-image-container  av-styling-    avia-builder-el-10  el_before_av_textblock  avia-builder-el-first  avia-align-center '  itemprop=\"image\" itemscope=\"itemscope\" itemtype=\"https:\/\/schema.org\/ImageObject\"  ><div class='avia-image-container-inner'><div class='avia-image-overlay-wrap'><img decoding=\"async\" class='wp-image-1620 avia-img-lazy-loading-not-1620 avia_image' src=\"https:\/\/cm.acciaiterni.it\/wp-content\/uploads\/2021\/01\/03_02_CECCHETTI.jpg\" alt='' title='03_02_CECCHETTI' height=\"403\" width=\"384\"  itemprop=\"thumbnailUrl\" srcset=\"https:\/\/cm.acciaiterni.it\/wp-content\/uploads\/2021\/01\/03_02_CECCHETTI.jpg 384w, https:\/\/cm.acciaiterni.it\/wp-content\/uploads\/2021\/01\/03_02_CECCHETTI-286x300.jpg 286w\" sizes=\"(max-width: 384px) 100vw, 384px\" \/><\/div><\/div><\/div><br \/>\n<section class=\"av_textblock_section \"  itemscope=\"itemscope\" itemtype=\"https:\/\/schema.org\/CreativeWork\" ><div class='avia_textblock  '   itemprop=\"text\" ><p style=\"text-align: center;\"><b>Dott.ssa Patrizia Cecchetti<br \/>\n<\/b><\/p>\n<\/div><\/section><\/p><\/div>\n<div class=\"flex_column av_one_fourth  flex_column_div av-zero-column-padding   avia-builder-el-12  el_after_av_one_fourth  el_before_av_one_fourth  \" style='border-radius:0px; '><p><div  class='avia-image-container  av-styling-    avia-builder-el-13  el_before_av_textblock  avia-builder-el-first  avia-align-center '  itemprop=\"image\" itemscope=\"itemscope\" itemtype=\"https:\/\/schema.org\/ImageObject\"  ><div class='avia-image-container-inner'><div class='avia-image-overlay-wrap'><img decoding=\"async\" class='wp-image-1960 avia-img-lazy-loading-not-1960 avia_image' src=\"https:\/\/cm.acciaiterni.it\/wp-content\/uploads\/2021\/02\/Dottore.jpg\" alt='' title='Dottore' height=\"403\" width=\"385\"  itemprop=\"thumbnailUrl\" srcset=\"https:\/\/cm.acciaiterni.it\/wp-content\/uploads\/2021\/02\/Dottore.jpg 385w, https:\/\/cm.acciaiterni.it\/wp-content\/uploads\/2021\/02\/Dottore-287x300.jpg 287w\" sizes=\"(max-width: 385px) 100vw, 385px\" \/><\/div><\/div><\/div><br \/>\n<section class=\"av_textblock_section \"  itemscope=\"itemscope\" itemtype=\"https:\/\/schema.org\/CreativeWork\" ><div class='avia_textblock  '   itemprop=\"text\" ><p style=\"text-align: center;\"><b>\u00a0Dott. Fabrizio Arcangeli<br \/>\n<\/b><\/p>\n<\/div><\/section><\/p><\/div><div class=\"flex_column av_one_fourth  flex_column_div av-zero-column-padding   avia-builder-el-15  el_after_av_one_fourth  el_before_av_one_fourth  \" style='border-radius:0px; '><p><div  class='avia-image-container  av-styling-    avia-builder-el-16  el_before_av_textblock  avia-builder-el-first  avia-align-center '  itemprop=\"image\" itemscope=\"itemscope\" itemtype=\"https:\/\/schema.org\/ImageObject\"  ><div class='avia-image-container-inner'><div class='avia-image-overlay-wrap'><img decoding=\"async\" class='wp-image-1622 avia-img-lazy-loading-not-1622 avia_image' src=\"https:\/\/cm.acciaiterni.it\/wp-content\/uploads\/2021\/01\/03_02_LAGATTA.jpg\" alt='' title='03_02_LAGATTA' height=\"403\" width=\"384\"  itemprop=\"thumbnailUrl\" srcset=\"https:\/\/cm.acciaiterni.it\/wp-content\/uploads\/2021\/01\/03_02_LAGATTA.jpg 384w, https:\/\/cm.acciaiterni.it\/wp-content\/uploads\/2021\/01\/03_02_LAGATTA-286x300.jpg 286w\" sizes=\"(max-width: 384px) 100vw, 384px\" \/><\/div><\/div><\/div><br \/>\n<section class=\"av_textblock_section \"  itemscope=\"itemscope\" itemtype=\"https:\/\/schema.org\/CreativeWork\" ><div class='avia_textblock  '   itemprop=\"text\" ><p style=\"text-align: center;\"><b>\u00a0Dott. Giorgio La Gatta<br \/>\n<\/b><\/p>\n<\/div><\/section><\/p><\/div><\/p>\n<div class=\"flex_column av_one_fourth  flex_column_div av-zero-column-padding   avia-builder-el-18  el_after_av_one_fourth  avia-builder-el-last  \" style='border-radius:0px; '><p><div  class='avia-image-container  av-styling-    avia-builder-el-19  el_before_av_textblock  avia-builder-el-first  avia-align-center '  itemprop=\"image\" itemscope=\"itemscope\" itemtype=\"https:\/\/schema.org\/ImageObject\"  ><div class='avia-image-container-inner'><div class='avia-image-overlay-wrap'><img decoding=\"async\" class='wp-image-1623 avia-img-lazy-loading-not-1623 avia_image' src=\"https:\/\/cm.acciaiterni.it\/wp-content\/uploads\/2021\/01\/03_02_PIRRO.jpg\" alt='' title='03_02_PIRRO' height=\"404\" width=\"384\"  itemprop=\"thumbnailUrl\" srcset=\"https:\/\/cm.acciaiterni.it\/wp-content\/uploads\/2021\/01\/03_02_PIRRO.jpg 384w, https:\/\/cm.acciaiterni.it\/wp-content\/uploads\/2021\/01\/03_02_PIRRO-285x300.jpg 285w\" sizes=\"(max-width: 384px) 100vw, 384px\" \/><\/div><\/div><\/div><br \/>\n<section class=\"av_textblock_section \"  itemscope=\"itemscope\" itemtype=\"https:\/\/schema.org\/CreativeWork\" ><div class='avia_textblock  '   itemprop=\"text\" ><p style=\"text-align: center;\"><b>\u00a0Dott. Giuseppe Pirr\u00f2<br \/>\n<\/b><\/p>\n<\/div><\/section><\/p><\/div>\n","protected":false},"excerpt":{"rendered":"","protected":false},"author":1,"featured_media":0,"parent":1459,"menu_order":0,"comment_status":"closed","ping_status":"closed","template":"","meta":{"footnotes":""},"class_list":["post-1619","page","type-page","status-publish","hentry"],"_links":{"self":[{"href":"https:\/\/cm.acciaiterni.it\/index.php?rest_route=\/wp\/v2\/pages\/1619","targetHints":{"allow":["GET"]}}],"collection":[{"href":"https:\/\/cm.acciaiterni.it\/index.php?rest_route=\/wp\/v2\/pages"}],"about":[{"href":"https:\/\/cm.acciaiterni.it\/index.php?rest_route=\/wp\/v2\/types\/page"}],"author":[{"embeddable":true,"href":"https:\/\/cm.acciaiterni.it\/index.php?rest_route=\/wp\/v2\/users\/1"}],"replies":[{"embeddable":true,"href":"https:\/\/cm.acciaiterni.it\/index.php?rest_route=%2Fwp%2Fv2%2Fcomments&post=1619"}],"version-history":[{"count":6,"href":"https:\/\/cm.acciaiterni.it\/index.php?rest_route=\/wp\/v2\/pages\/1619\/revisions"}],"predecessor-version":[{"id":2145,"href":"https:\/\/cm.acciaiterni.it\/index.php?rest_route=\/wp\/v2\/pages\/1619\/revisions\/2145"}],"up":[{"embeddable":true,"href":"https:\/\/cm.acciaiterni.it\/index.php?rest_route=\/wp\/v2\/pages\/1459"}],"wp:attachment":[{"href":"https:\/\/cm.acciaiterni.it\/index.php?rest_route=%2Fwp%2Fv2%2Fmedia&parent=1619"}],"curies":[{"name":"wp","href":"https:\/\/api.w.org\/{rel}","templated":true}]}}