{"id":1498,"date":"2021-01-12T15:42:02","date_gmt":"2021-01-12T14:42:02","guid":{"rendered":"https:\/\/cm.acciaiterni.it\/?page_id=1498"},"modified":"2025-12-19T15:12:30","modified_gmt":"2025-12-19T14:12:30","slug":"area-download","status":"publish","type":"page","link":"https:\/\/cm.acciaiterni.it\/?page_id=1498","title":{"rendered":"AREA DOWNLOAD"},"content":{"rendered":"<section class=\"av_textblock_section \"  itemscope=\"itemscope\" itemtype=\"https:\/\/schema.org\/CreativeWork\" ><div class='avia_textblock  '   itemprop=\"text\" ><p><strong>REGOLAMENTO<\/strong><\/p>\n<p>\u00c8 il documento che definisce tutti i rapporti fra Cassa Mutua Aziendale ed i dipendenti iscritti per quanto riguarda: modalit\u00e0 di adesione e perdita della qualit\u00e0 di iscritto, entit\u00e0 dei contributi e modalit\u00e0 di erogazione delle prestazioni, tipologia delle prestazioni fornite, rimborsi<\/p>\n<p><a href=\"https:\/\/cm.acciaiterni.it\/wp-content\/uploads\/2021\/01\/CMA_Regolamento2017.pdf\" target=\"_blank\" rel=\"noopener\"><em>Regolamento CMA<\/em><\/a><\/p>\n<hr \/>\n<p><strong>FAMILIARI A CARICO<\/strong><\/p>\n<p><a href=\"https:\/\/cm.acciaiterni.it\/wp-content\/uploads\/2025\/11\/CMA_PrestazSAN2025_9.pdf\" target=\"_blank\" rel=\"noopener\">CMA_Familiari a carico<\/a><\/p>\n<hr \/>\n<p><strong>PRESTAZIONI<\/strong><\/p>\n<p>\u00c8 possibile scaricare il file contenente l\u2019elenco delle prestazioni attualmente fruibili presso la Cassa Mutua Aziendale con indicazione dei nominativi dei relativi specialisti<\/p>\n<p><a href=\"https:\/\/cm.acciaiterni.it\/wp-content\/uploads\/2025\/11\/CMA_PrestazSAN2025_9.pdf\" target=\"_blank\" rel=\"noopener\"><em>Elenco prestazioni CMA<\/em><\/a><\/p>\n<p><strong>MODULISTICA RIMBORSI<\/strong><\/p>\n<p><a href=\"https:\/\/cm.acciaiterni.it\/wp-content\/uploads\/2021\/01\/RICHIESTA-RIMBORSI-Rev1_06-11-2018.pdf\" target=\"_blank\" rel=\"noopener\"><em>Richiesta Rimborsi CMA<\/em><\/a><\/p>\n<p><a href=\"https:\/\/cm.acciaiterni.it\/wp-content\/uploads\/2021\/01\/CMA_RimborsoODONT.pdf\" target=\"_blank\" rel=\"noopener\"><em>Prospetto Odontoiatria CMA<\/em><\/a><\/p>\n<p><em>\u00a0<\/em><\/p>\n<p><strong>TICKET<\/strong><\/p>\n<p>L\u2019iscrizione alla Cassa Mutua consente di usufruire di prestazioni erogate direttamente presso gli ambulatori della Cassa Mutua Aziendale ) o indirettamente all\u2019esterno e rimborsate secondo apposito tariffario.<\/p>\n<p>Per poter usufruire delle prestazioni specialistiche dirette \u00e8 richiesto agli iscritti un contributo sotto forma di ticket, il cui numero \u00e8 variabile in funzione della diversa tipologia delle prestazioni erogate.<\/p>\n<p>L\u2019importo unitario dei ticket \u00e8 attualmente di 4,33 Euro e sono disponibili in blocchetti da 6 o 12 pezzi, da ritirarsi presso l\u2019ufficio Accettazione della Cassa Mutua con addebito in busta paga il mese successivo il ritiro.<\/p>\n<p><em><a href=\"https:\/\/cm.acciaiterni.it\/wp-content\/uploads\/2023\/06\/Legenda-tickets-sanitario-07_2023_B.pdf\" target=\"_blank\" rel=\"noopener\">Ticket Specialistica Strumentale Fisioterapia<\/a> <\/em><\/p>\n<p><a href=\"https:\/\/cm.acciaiterni.it\/wp-content\/uploads\/2023\/06\/Legenda-tickets-odo-07_2023_B.pdf\" target=\"_blank\" rel=\"noopener\"><em>Ticket Odontoiatria<\/em><\/a><\/p>\n<hr \/>\n<p><strong>BILANCIO D&#8217;ESERCIZIO<\/strong><\/p>\n<p><a href=\"https:\/\/cm.acciaiterni.it\/wp-content\/uploads\/2025\/07\/Bilancio-CMA-2024.pdf\" target=\"_blank\" rel=\"noopener\"><em>Bilancio CMA esercizio 2024<\/em><\/a><\/p>\n<p><strong>BROCHURE INFORMATIVA CMA<\/strong><\/p>\n<p><a href=\"https:\/\/cm.acciaiterni.it\/wp-content\/uploads\/2021\/01\/CMA_3ante_001.pdf\" target=\"_blank\" rel=\"noopener\"><em>Brochure CMA<\/em><\/a><\/p>\n<p><strong>STATUTO<\/strong><\/p>\n<p>\u00c8 il documento che regola la vita della Cassa Mutua Aziendale essenzialmente per quanto riguarda finalit\u00e0, criteri di iscrizione, compiti e poteri degli organi sociali e criteri di nomina, durata, criteri di scioglimento e modalit\u00e0 di liquidazione<\/p>\n<p><a href=\"https:\/\/cm.acciaiterni.it\/wp-content\/uploads\/2021\/01\/StatutoCMA_2016.pdf\" target=\"_blank\" rel=\"noopener\"><em>Statuto CMA<\/em><\/a><\/p>\n<hr \/>\n<p><strong>COVID 19<\/strong><\/p>\n<p>Le regole di accesso ai servizi della Cassa Mutua Aziendale. Scarrica le indicazioni per un servizio in sicurezza.<\/p>\n<p><a href=\"https:\/\/cm.acciaiterni.it\/wp-content\/uploads\/2021\/01\/COVID_linee_guida_A4_10.pdf\" target=\"_blank\" rel=\"noopener\">COVID LINEE GUIDA<\/a><\/p>\n<p><a href=\"https:\/\/cm.acciaiterni.it\/wp-content\/uploads\/2021\/01\/CMA_TRIAGE-ANAMNESTICO-INGRESSO_04.pdf\" target=\"_blank\" rel=\"noopener\">COVID TRIAGE<\/a><\/p>\n<\/div><\/section>\n","protected":false},"excerpt":{"rendered":"","protected":false},"author":1,"featured_media":0,"parent":0,"menu_order":0,"comment_status":"closed","ping_status":"closed","template":"","meta":{"footnotes":""},"class_list":["post-1498","page","type-page","status-publish","hentry"],"_links":{"self":[{"href":"https:\/\/cm.acciaiterni.it\/index.php?rest_route=\/wp\/v2\/pages\/1498","targetHints":{"allow":["GET"]}}],"collection":[{"href":"https:\/\/cm.acciaiterni.it\/index.php?rest_route=\/wp\/v2\/pages"}],"about":[{"href":"https:\/\/cm.acciaiterni.it\/index.php?rest_route=\/wp\/v2\/types\/page"}],"author":[{"embeddable":true,"href":"https:\/\/cm.acciaiterni.it\/index.php?rest_route=\/wp\/v2\/users\/1"}],"replies":[{"embeddable":true,"href":"https:\/\/cm.acciaiterni.it\/index.php?rest_route=%2Fwp%2Fv2%2Fcomments&post=1498"}],"version-history":[{"count":51,"href":"https:\/\/cm.acciaiterni.it\/index.php?rest_route=\/wp\/v2\/pages\/1498\/revisions"}],"predecessor-version":[{"id":2839,"href":"https:\/\/cm.acciaiterni.it\/index.php?rest_route=\/wp\/v2\/pages\/1498\/revisions\/2839"}],"wp:attachment":[{"href":"https:\/\/cm.acciaiterni.it\/index.php?rest_route=%2Fwp%2Fv2%2Fmedia&parent=1498"}],"curies":[{"name":"wp","href":"https:\/\/api.w.org\/{rel}","templated":true}]}}