{"id":1214,"date":"2021-01-10T17:27:26","date_gmt":"2021-01-10T16:27:26","guid":{"rendered":"https:\/\/cm.acciaiterni.it\/?page_id=1214"},"modified":"2021-03-03T18:12:44","modified_gmt":"2021-03-03T17:12:44","slug":"iniziative","status":"publish","type":"page","link":"https:\/\/cm.acciaiterni.it\/?page_id=1214","title":{"rendered":"INIZIATIVE"},"content":{"rendered":"<div id='layer_slider_1'  class='avia-layerslider main_color avia-shadow  avia-builder-el-0  el_before_av_layout_row  avia-builder-el-first  container_wrap fullsize' style='  height: 451px; max-width: 1500px; margin: 0 auto;' ><\/div>\n<div id='av-layout-grid-1'  class='av-layout-grid-container entry-content-wrapper main_color av-fixed-cells     avia-builder-el-1  el_after_av_layerslider  el_before_av_heading  submenu-not-first container_wrap fullsize' style=' '  >\n<div class=\"flex_cell no_margin av_one_half  avia-builder-el-2  el_before_av_cell_one_half  avia-builder-el-first   \"  style='vertical-align:top; padding:9px 0px 0px 0px ; background-color:#2388c2; ' ><div class='flex_cell_inner' ><\/div><\/div><div class=\"flex_cell no_margin av_one_half  avia-builder-el-3  el_after_av_cell_one_half  avia-builder-el-last   \"  style='vertical-align:top; padding:9px 0px 0px 0px ; background-color:#5fb4e4; ' ><div class='flex_cell_inner' ><\/div><\/div>\n<\/div><div id='after_submenu_1'  class='main_color av_default_container_wrap container_wrap fullsize' style=' '  ><div class='container' ><div class='template-page content  av-content-full alpha units'><div class='post-entry post-entry-type-page post-entry-1214'><div class='entry-content-wrapper clearfix'>\n<div  style='padding-bottom:10px; ' class='av-special-heading av-special-heading-h2    avia-builder-el-4  el_after_av_layout_row  el_before_av_one_full  avia-builder-el-first  '><h2 class='av-special-heading-tag '  itemprop=\"headline\"  >CASSA MUTUA AZIENDALE ACCIAI SPECIALI TERNI: LA BUONA SALUTE \u00c8 LA REGOLA<\/h2><div class='special-heading-border'><div class='special-heading-inner-border' ><\/div><\/div><\/div>\n<div class=\"flex_column av_one_full  flex_column_div av-zero-column-padding first  avia-builder-el-5  el_after_av_heading  el_before_av_section  avia-builder-el-last  \" style='border-radius:0px; '><section class=\"av_textblock_section \"  itemscope=\"itemscope\" itemtype=\"https:\/\/schema.org\/CreativeWork\" ><div class='avia_textblock  '   itemprop=\"text\" ><p>Fin dalla costituzione la storia dell\u2019Acciaieria si \u00e8 intrecciata con la storia di Terni e la <strong>Cassa Mutua Aziendale<\/strong> ha operato, anche nella fase pi\u00f9 recente, per rinsaldare il legame che la lega alla comunit\u00e0 locale, realizzando campagne di prevenzione sanitaria, gratuite, a favore degli studenti di Terni:<\/p>\n<ul>\n<li>nel <strong>2016<\/strong> con <strong>visite dentali rivolte ai bambini delle scuole elementari<\/strong>, per valutarne lo stato di salute e individuare precocemente eventuali patologie;<\/li>\n<li>nel <strong>2017<\/strong> con <strong>check-up cardiologici di 1\u00b0 livello<\/strong> e quando necessario approfondimenti <strong>ecocardiografici di 2\u00b0 livello<\/strong> oltre ad ecografie tiroidee e\/o esami ematochimici, per gli studenti delle <strong>scuole medie<\/strong>;<\/li>\n<li>nel <strong>2018<\/strong> con la campagna rivolta agli studenti delle <strong>scuole secondarie di secondo grado<\/strong>, per misurare lo <strong>stato di salute della colonna vertebrale<\/strong> al fine di modificare comportamenti sbagliati dei ragazzi come il mantenimento di posture non corrette, una delle cause principali del mal di schiena, e promuovere \u2013 in collaborazione con il Circolo lavoratori Terni &#8211; i benefici dello sport.<\/li>\n<\/ul>\n<\/div><\/section><\/div>\n<\/div><\/div><\/div><!-- close content main div --><\/div><\/div><div id='av_section_1'  class='avia-section main_color avia-section-default avia-no-border-styling  avia-bg-style-scroll  avia-builder-el-7  el_after_av_one_full  el_before_av_section   container_wrap fullsize' style='background-color: #f4f4eb;  '  ><div class='container' ><div class='template-page content  av-content-full alpha units'><div class='post-entry post-entry-type-page post-entry-1214'><div class='entry-content-wrapper clearfix'>\n<div  style='padding-bottom:10px; ' class='av-special-heading av-special-heading-h2    avia-builder-el-8  el_before_av_two_third  avia-builder-el-first  '><h2 class='av-special-heading-tag '  itemprop=\"headline\"  >Capovolgi le abitudini, dal dentista accompagnali prima<\/h2><div class='special-heading-border'><div class='special-heading-inner-border' ><\/div><\/div><\/div>\n<div class=\"flex_column av_two_third  flex_column_div av-zero-column-padding first  avia-builder-el-9  el_after_av_heading  el_before_av_one_third  \" style='border-radius:0px; '><section class=\"av_textblock_section \"  itemscope=\"itemscope\" itemtype=\"https:\/\/schema.org\/CreativeWork\" ><div class='avia_textblock  '   itemprop=\"text\" ><p>Acciai Speciali Terni ha supportato, concretamente e con convinzione, prima la prevenzione gratuita effettuata dalla Cassa Mutua Aziendale a favore dei figli dei dipendenti AST e successivamente l\u2019estensione ai bambini delle prime elementari della citt\u00e0 di Terni per valutarne lo stato di salute e individuare precocemente eventuali patologie;<\/p>\n<p>Si \u00e8 fornito cos\u00ec un contributo per colmare quel divario tra i bisogni espressi ed i servizi che il sistema welfare \u00e8 in grado di erogare con le risorse pubbliche.<\/p>\n<p>Motivo di soddisfazione \u00e8 stato l\u2019aver ricevuto il patrocinio del Comune per questa iniziativa.<\/p>\n<\/div><\/section><\/div><div class=\"flex_column av_one_third  flex_column_div av-zero-column-padding   avia-builder-el-11  el_after_av_two_third  avia-builder-el-last  \" style='border-radius:0px; '><div  class='avia-image-container  av-styling-    avia-builder-el-12  avia-builder-el-no-sibling  avia-align-center '  itemprop=\"image\" itemscope=\"itemscope\" itemtype=\"https:\/\/schema.org\/ImageObject\"  ><div class='avia-image-container-inner'><div class='avia-image-overlay-wrap'><img decoding=\"async\" class='wp-image-1313 avia-img-lazy-loading-not-1313 avia_image' src=\"https:\/\/cm.acciaiterni.it\/wp-content\/uploads\/2021\/01\/70x100_prev_dentale_scuole_07_01.jpg\" alt='' title='70x100_prev_dentale_scuole_07_01' height=\"1417\" width=\"992\"  itemprop=\"thumbnailUrl\" srcset=\"https:\/\/cm.acciaiterni.it\/wp-content\/uploads\/2021\/01\/70x100_prev_dentale_scuole_07_01.jpg 992w, https:\/\/cm.acciaiterni.it\/wp-content\/uploads\/2021\/01\/70x100_prev_dentale_scuole_07_01-210x300.jpg 210w, https:\/\/cm.acciaiterni.it\/wp-content\/uploads\/2021\/01\/70x100_prev_dentale_scuole_07_01-721x1030.jpg 721w, https:\/\/cm.acciaiterni.it\/wp-content\/uploads\/2021\/01\/70x100_prev_dentale_scuole_07_01-768x1097.jpg 768w, https:\/\/cm.acciaiterni.it\/wp-content\/uploads\/2021\/01\/70x100_prev_dentale_scuole_07_01-494x705.jpg 494w\" sizes=\"(max-width: 992px) 100vw, 992px\" \/><\/div><\/div><\/div><\/div>\n\n<\/div><\/div><\/div><!-- close content main div --><\/div><\/div><div id='av_section_2'  class='avia-section main_color avia-section-default avia-no-border-styling  avia-bg-style-scroll  avia-builder-el-13  el_after_av_section  el_before_av_section   container_wrap fullsize' style=' '  ><div class='container' ><div class='template-page content  av-content-full alpha units'><div class='post-entry post-entry-type-page post-entry-1214'><div class='entry-content-wrapper clearfix'>\n<div  style='padding-bottom:10px; ' class='av-special-heading av-special-heading-h2    avia-builder-el-14  el_before_av_one_half  avia-builder-el-first  '><h2 class='av-special-heading-tag '  itemprop=\"headline\"  >Gioca d\u2019anticipo! Ama il tuo cuore!<\/h2><div class='special-heading-border'><div class='special-heading-inner-border' ><\/div><\/div><\/div>\n<div class=\"flex_column av_one_half  flex_column_div av-zero-column-padding first  avia-builder-el-15  el_after_av_heading  el_before_av_one_half  \" style='border-radius:0px; '><section class=\"av_textblock_section \"  itemscope=\"itemscope\" itemtype=\"https:\/\/schema.org\/CreativeWork\" ><div class='avia_textblock  '   itemprop=\"text\" ><p>Prevenzione + Sport = Salute. Sono le parole d&#8217;ordine del progetto promosso da Acciai Speciali Terni con la partecipazione del Circolo Lavoratori Terni (CLT) e della Cassa Mutua Aziendale. La Cassa Mutua si \u00e8 aperta alla citt\u00e0 con un check-up cardiologico gratuito rivolto agli studenti delle scuole medie della citt\u00e0. Un\u2019iniziativa che nasce dall&#8217;unione di sport e prevenzione.<\/p>\n<p>Prevenire l&#8217;insorgenza delle malattie cardiovascolari \u00e8 possibile prendendo consapevolezza del proprio rischio individuale in tenera et\u00e0. Infatti riconoscere quanto prima eventuali alterazioni cardiache, permette di iniziare al pi\u00f9 presto trattamenti specifici ed evitare gravi conseguenze che potrebbero compromettere la qualit\u00e0 di vita dei ragazzi.<\/p>\n<p>Il progetto si \u00e8 sviluppato in diversi step e con diverse modalit\u00e0 d&#8217;intervento. Il check-up cardiologico gratuito \u00e8 stato effettuato a tutti i ragazzi dai 12 ai 14 anni presso la struttura della Cassa Mutua Aziendale dell&#8217;Acciai Speciali Terni. Questo \u00e8 stato il momento dedicato alla prevenzione, un&#8217;importante occasione per sottoporre i giovani ad una prima visita di valutazione del rischio cardiovascolare e illustrare i principi di un corretto stile di vita (abitudini alimentari, attivit\u00e0 fisica, regole igieniche), giocando d&#8217;anticipo per evitare una possibile patologia futura.<\/p>\n<\/div><\/section><\/div><div class=\"flex_column av_one_half  flex_column_div av-zero-column-padding   avia-builder-el-17  el_after_av_one_half  el_before_av_gallery  \" style='border-radius:0px; '><section class=\"av_textblock_section \"  itemscope=\"itemscope\" itemtype=\"https:\/\/schema.org\/CreativeWork\" ><div class='avia_textblock  '   itemprop=\"text\" ><p>La prevenzione per\u00f2 non basta, un&#8217;attivit\u00e0 fisica regolare \u00e8 l&#8217;altro elemento che consente di ridurre il rischio cardiovascolare, senza alcun trattamento farmacologico e solo con un piccolo sforzo.<\/p>\n<p>Per questo il CLT, che gi\u00e0 a diversi livelli collabora con alcuni istituti scolastici del territorio, si \u00e8 impegnato nella campagna con i propri istruttori, organizzando degli stage gratuiti per fornire nozioni teoriche e pratiche di Calcio a 5 e Volley agli studenti delle scuole medie presso gli impianti del Circolo in via Muratori.<\/p>\n<p>Il Comune di Terni, il Coni Comitato Regionale Umbria e l&#8217;Ufficio Scolastico Regionale hanno dato il patrocinio all&#8217;iniziativa &#8220;GIOCA D&#8217;ANTICIPO! AMA IL TUO CUORE&#8221; in linea con le indicazioni della Commissione Europea che raccomandano alle Istituzioni di sostenere sport e attivit\u00e0 fisica, sia per un accrescimento individuale dei bambini e dei ragazzi che per l&#8217;inclusione sociale, l&#8217;integrazione e le pari opportunit\u00e0.<\/p>\n<\/div><\/section><\/div><div  class='avia-gallery  avia-gallery-1 avia_lazyload avia-gallery-animate avia_animate_when_visible  avia-builder-el-19  el_after_av_one_half  el_before_av_one_full '  itemprop=\"image\" itemscope=\"itemscope\" itemtype=\"https:\/\/schema.org\/ImageObject\" ><div class='avia-gallery-thumb'> <a href='https:\/\/cm.acciaiterni.it\/wp-content\/uploads\/2021\/01\/CUORE_leo_01.jpg' data-rel='gallery-1' data-prev-img='https:\/\/cm.acciaiterni.it\/wp-content\/uploads\/2021\/01\/CUORE_leo_01-495x400.jpg' class='first_thumb lightbox ' data-onclick='1' title='CUORE_leo_01'  itemprop=\"thumbnailUrl\"  ><img decoding=\"async\" class=\"wp-image-1317 avia-img-lazy-loading-not-1317\"   src=\"https:\/\/cm.acciaiterni.it\/wp-content\/uploads\/2021\/01\/CUORE_leo_01-495x400.jpg\" width=\"495\" height=\"400\"  title='CUORE_leo_01' alt='' \/><\/a> <a href='https:\/\/cm.acciaiterni.it\/wp-content\/uploads\/2021\/01\/CUORE_leo_02.jpg' data-rel='gallery-1' data-prev-img='https:\/\/cm.acciaiterni.it\/wp-content\/uploads\/2021\/01\/CUORE_leo_02-495x400.jpg' class='lightbox ' data-onclick='2' title='CUORE_leo_02'  itemprop=\"thumbnailUrl\"  ><img decoding=\"async\" class=\"wp-image-1318 avia-img-lazy-loading-not-1318\"   src=\"https:\/\/cm.acciaiterni.it\/wp-content\/uploads\/2021\/01\/CUORE_leo_02-495x400.jpg\" width=\"495\" height=\"400\"  title='CUORE_leo_02' alt='' \/><\/a> <a href='https:\/\/cm.acciaiterni.it\/wp-content\/uploads\/2021\/01\/CUORE_leo_04.jpg' data-rel='gallery-1' data-prev-img='https:\/\/cm.acciaiterni.it\/wp-content\/uploads\/2021\/01\/CUORE_leo_04-495x400.jpg' class='lightbox ' data-onclick='3' title='CUORE_leo_04'  itemprop=\"thumbnailUrl\"  ><img decoding=\"async\" class=\"wp-image-1319 avia-img-lazy-loading-not-1319\"   src=\"https:\/\/cm.acciaiterni.it\/wp-content\/uploads\/2021\/01\/CUORE_leo_04-495x400.jpg\" width=\"495\" height=\"400\"  title='CUORE_leo_04' alt='' \/><\/a> <a href='https:\/\/cm.acciaiterni.it\/wp-content\/uploads\/2021\/01\/CUORE_leo_09.jpg' data-rel='gallery-1' data-prev-img='https:\/\/cm.acciaiterni.it\/wp-content\/uploads\/2021\/01\/CUORE_leo_09-495x400.jpg' class='lightbox ' data-onclick='4' title='CUORE_leo_09'  itemprop=\"thumbnailUrl\"  ><img decoding=\"async\" class=\"wp-image-1320 avia-img-lazy-loading-not-1320\"   src=\"https:\/\/cm.acciaiterni.it\/wp-content\/uploads\/2021\/01\/CUORE_leo_09-495x400.jpg\" width=\"495\" height=\"400\"  title='CUORE_leo_09' alt='' \/><\/a> <a href='https:\/\/cm.acciaiterni.it\/wp-content\/uploads\/2021\/01\/CUORE_leo_23.jpg' data-rel='gallery-1' data-prev-img='https:\/\/cm.acciaiterni.it\/wp-content\/uploads\/2021\/01\/CUORE_leo_23-495x400.jpg' class='lightbox ' data-onclick='5' title='CUORE_leo_23'  itemprop=\"thumbnailUrl\"  ><img decoding=\"async\" class=\"wp-image-1321 avia-img-lazy-loading-not-1321\"   src=\"https:\/\/cm.acciaiterni.it\/wp-content\/uploads\/2021\/01\/CUORE_leo_23-495x400.jpg\" width=\"495\" height=\"400\"  title='CUORE_leo_23' alt='' \/><\/a><\/div><\/div>\n<div class=\"flex_column av_one_full  flex_column_div av-zero-column-padding first  avia-builder-el-20  el_after_av_gallery  avia-builder-el-last  \" style='border-radius:0px; '><div  class='avia-video avia-video-16-9 avia-video-html5  ' style='background-image:url(\"https:\/\/cm.acciaiterni.it\/wp-content\/uploads\/2021\/01\/AMA-IL-TUO-CUORE-freeze.jpg\");'  itemprop=\"video\" itemtype=\"https:\/\/schema.org\/VideoObject\"  data-original_url='https:\/\/cm.acciaiterni.it\/wp-content\/uploads\/2021\/01\/Ama-il-tuo-cuore_short-6.mp4' ><video class='avia_video' poster=\"https:\/\/cm.acciaiterni.it\/wp-content\/uploads\/2021\/01\/AMA-IL-TUO-CUORE-freeze.jpg\"   preload=\"auto\"  controls id='player_1214_1899994328_442718364'><source src=\"https:\/\/cm.acciaiterni.it\/wp-content\/uploads\/2021\/01\/Ama-il-tuo-cuore_short-6.mp4\" type=\"video\/mp4\" \/><\/video><\/div><\/div>\n\n<\/div><\/div><\/div><!-- close content main div --><\/div><\/div><div id='av_section_3'  class='avia-section main_color avia-section-default avia-no-border-styling  avia-bg-style-scroll  avia-builder-el-22  el_after_av_section  avia-builder-el-last   container_wrap fullsize' style='background-color: #f4f4eb;  '  ><div class='container' ><div class='template-page content  av-content-full alpha units'><div class='post-entry post-entry-type-page post-entry-1214'><div class='entry-content-wrapper clearfix'>\n<div  style='padding-bottom:10px; ' class='av-special-heading av-special-heading-h2    avia-builder-el-23  el_before_av_one_half  avia-builder-el-first  '><h2 class='av-special-heading-tag '  itemprop=\"headline\"  >Promuovi la tua schiena! Scuola, Postura e Sport<\/h2><div class='special-heading-border'><div class='special-heading-inner-border' ><\/div><\/div><\/div>\n<div class=\"flex_column av_one_half  flex_column_div av-zero-column-padding first  avia-builder-el-24  el_after_av_heading  el_before_av_one_half  \" style='border-radius:0px; '><section class=\"av_textblock_section \"  itemscope=\"itemscope\" itemtype=\"https:\/\/schema.org\/CreativeWork\" ><div class='avia_textblock  '   itemprop=\"text\" ><p>Dopo la campagna di prevenzione dentale a favore dei bambini delle scuole elementari, e quella per il check-up cardiologico per gli studenti delle scuole medie, nel 2018 la Acciai Speciali Terni attraverso la Cassa Mutua Aziendale e il Circolo Lavoratori Terni ha promosso l\u2019iniziativa \u201cPromuovi la tua schiena! Scuola, Postura e Sport\u201d rivolta agli studenti delle scuole secondarie di secondo grado per una informazione e prevenzione sull\u2019uso corretto della colonna vertebrale.<\/p>\n<p>L\u2019obiettivo \u00e8 quello di modificare comportamenti sbagliati dei ragazzi come il mantenimento di posture non corrette, una delle cause principali del mal di schiena, e promuovere i benefici dello sport.<\/p>\n<p>Tutti noi trascorriamo molte ore della nostra giornata in posizione seduta: spesso questa posizione \u00e8 scorretta e non lo sappiamo e cos\u00ec, con il tempo, possono insorgere patologie vertebrali, anche gravi. Le patologie della schiena, molto diffuse, non riguardano pi\u00f9 soltanto la terza et\u00e0. Secondo la Societ\u00e0 italiana di ortopedia e traumatologia sempre pi\u00f9 giovani, infatti, soffrono quotidianamente di mal di schiena.<\/p>\n<p>Le cause? I ragazzi si muovono poco e stanno molto tempo davanti a computer o tablet e una postura scorretta aumenta di 2,5 volte il rischio di sviluppare sintomi muscolo-scheletrici. Per prevenire queste patologie della colonna vertebrale \u00e8 necessaria una giusta attivit\u00e0 sportiva per la correzione soprattutto delle posture sbagliate. \u00c8 quindi importante svolgere sui ragazzi, prima possibile, un\u2019opera di corretta educazione e prevenzione su questo argomento per limitare il pi\u00f9 possibile i danni; e fondamentale \u00e8 il ruolo degli istituti scolastici per la promozione della salute e degli stili di vita corretti.<\/p>\n<p>Il Comune di Terni, il Coni Comitato Regionale Umbria e l&#8217;Ufficio Scolastico Regionale hanno dato il patrocinio all&#8217;iniziativa.<\/p>\n<p>Fondamentale \u00e8 stata la collaborazione con l&#8217;Ufficio Scolastico Regionale, per informare le scuole e le famiglie sulla possibilit\u00e0 di aderire ad un progetto in grado di supportare le finalit\u00e0 educative legate, non solo al miglioramento della salute attraverso la prevenzione di patologie della colonna, ma anche all&#8217;accrescimento educativo delle nuove generazioni.<\/p>\n<\/div><\/section><\/div><div class=\"flex_column av_one_half  flex_column_div av-zero-column-padding   avia-builder-el-26  el_after_av_one_half  el_before_av_gallery  \" style='border-radius:0px; '><section class=\"av_textblock_section \"  itemscope=\"itemscope\" itemtype=\"https:\/\/schema.org\/CreativeWork\" ><div class='avia_textblock  '   itemprop=\"text\" ><p>Il Circolo lavoratori Terni si \u00e8 impegnato in questo progetto con i propri istruttori per fornire informazioni teoriche e pratiche di Calcio a 5, Volley e Ginnastica ed organizzare stage gratuiti per gli studenti presso i propri impianti. Il progetto si \u00e8 sviluppato in diversi step e con diverse modalit\u00e0 d&#8217;intervento. Target di riferimento: ragazzi dai 14 ai 15 anni (biennio della scuola secondaria di secondo grado).<\/p>\n<p>Fase l &#8211; Incontri curriculari<\/p>\n<p>Presso le scuole \u00e8 stata effettuata una presentazione multimediale durante la quale i medici della Cassa Mutua Aziendale hanno illustrato ai ragazzi l&#8217;importanza di avere uno stile di vita sano per la salute e dando informazioni su: la colonna vertebrale, le patologie, la prevenzione, I benefici dello sport. Gli istruttori di Calcio a 5, Volley e Ginnastica, il preparatore atletico e il fisioterapista del CLT si sono posti l&#8217;obiettivo di far comprendere il valore di praticare sport e promuovendo le discipline e fornendo nozioni teoriche\/pratiche.<\/p>\n<p>Fase 2 &#8211; Incontri extracurriculari<\/p>\n<p>Gli istruttori del CLT hanno organizzato degli stage di Calcio a 5, Volley e Ginnastica per gli studenti presso gli impianti del Circolo, in collaborazione con l&#8217;Ufficio Scolastico Regionale per l&#8217;Umbria e con gli Istituti partecipanti.<\/p>\n<p>Fase 3 &#8211; Check-up gratuito della colonna vertebrale<\/p>\n<p>Presso la struttura della Cassa Mutua Aziendale dipendenti dell&#8217;Acciai Speciali Terni SpA, \u00e8 stato effettuato il check-up, un&#8217;importante occasione per sottoporre i propri figli ad una prima visita per misurare lo stato di salute della colonna vertebrale e illustrare i principi di un corretto stile di vita (abitudini alimentari, attivit\u00e0 fisica) al fine di prevenire possibili patologie future.<\/p>\n<p>Fase 4 &#8211; Concorso PROMUOVI LA TUA SCHIENA! &#8211; SCUOLA, POSTURA E SPORT<\/p>\n<p>Premiazione della scuola che tramite un filmato ha rappresentato meglio i temi trattati durante gli incontri curriculari.<\/p>\n<\/div><\/section><\/div><div  class='avia-gallery  avia-gallery-2 avia_lazyload avia-gallery-animate avia_animate_when_visible  avia-builder-el-28  el_after_av_one_half  el_before_av_one_full '  itemprop=\"image\" itemscope=\"itemscope\" itemtype=\"https:\/\/schema.org\/ImageObject\" ><div class='avia-gallery-thumb'> <a href='https:\/\/cm.acciaiterni.it\/wp-content\/uploads\/2021\/01\/Promuovi_la_schiena_cs_10.jpg' data-rel='gallery-2' data-prev-img='https:\/\/cm.acciaiterni.it\/wp-content\/uploads\/2021\/01\/Promuovi_la_schiena_cs_10-495x400.jpg' class='first_thumb lightbox ' data-onclick='1' title='Promuovi_la_schiena_cs_10'  itemprop=\"thumbnailUrl\"  ><img decoding=\"async\" class=\"wp-image-1291 avia-img-lazy-loading-not-1291\"   src=\"https:\/\/cm.acciaiterni.it\/wp-content\/uploads\/2021\/01\/Promuovi_la_schiena_cs_10-495x400.jpg\" width=\"495\" height=\"400\"  title='Promuovi_la_schiena_cs_10' alt='' \/><\/a> <a href='https:\/\/cm.acciaiterni.it\/wp-content\/uploads\/2021\/01\/Promuovi_la_schiena_cs_12.jpg' data-rel='gallery-2' data-prev-img='https:\/\/cm.acciaiterni.it\/wp-content\/uploads\/2021\/01\/Promuovi_la_schiena_cs_12-495x400.jpg' class='lightbox ' data-onclick='2' title='Promuovi_la_schiena_cs_12'  itemprop=\"thumbnailUrl\"  ><img decoding=\"async\" class=\"wp-image-1292 avia-img-lazy-loading-not-1292\"   src=\"https:\/\/cm.acciaiterni.it\/wp-content\/uploads\/2021\/01\/Promuovi_la_schiena_cs_12-495x400.jpg\" width=\"495\" height=\"400\"  title='Promuovi_la_schiena_cs_12' alt='' \/><\/a> <a href='https:\/\/cm.acciaiterni.it\/wp-content\/uploads\/2021\/01\/Promuovi_la_schiena_cs_08.jpg' data-rel='gallery-2' data-prev-img='https:\/\/cm.acciaiterni.it\/wp-content\/uploads\/2021\/01\/Promuovi_la_schiena_cs_08-495x400.jpg' class='lightbox ' data-onclick='3' title='Promuovi_la_schiena_cs_08'  itemprop=\"thumbnailUrl\"  ><img decoding=\"async\" class=\"wp-image-1290 avia-img-lazy-loading-not-1290\"   src=\"https:\/\/cm.acciaiterni.it\/wp-content\/uploads\/2021\/01\/Promuovi_la_schiena_cs_08-495x400.jpg\" width=\"495\" height=\"400\"  title='Promuovi_la_schiena_cs_08' alt='' \/><\/a> <a href='https:\/\/cm.acciaiterni.it\/wp-content\/uploads\/2021\/01\/Promuovi_la_schiena_cs_02.jpg' data-rel='gallery-2' data-prev-img='https:\/\/cm.acciaiterni.it\/wp-content\/uploads\/2021\/01\/Promuovi_la_schiena_cs_02-495x400.jpg' class='lightbox ' data-onclick='4' title='Promuovi_la_schiena_cs_02'  itemprop=\"thumbnailUrl\"  ><img decoding=\"async\" class=\"wp-image-1289 avia-img-lazy-loading-not-1289\"   src=\"https:\/\/cm.acciaiterni.it\/wp-content\/uploads\/2021\/01\/Promuovi_la_schiena_cs_02-495x400.jpg\" width=\"495\" height=\"400\"  title='Promuovi_la_schiena_cs_02' alt='' \/><\/a> <a href='https:\/\/cm.acciaiterni.it\/wp-content\/uploads\/2021\/01\/Promuovi_la_schiena_cs_01.jpg' data-rel='gallery-2' data-prev-img='https:\/\/cm.acciaiterni.it\/wp-content\/uploads\/2021\/01\/Promuovi_la_schiena_cs_01-495x400.jpg' class='lightbox ' data-onclick='5' title='Promuovi_la_schiena_cs_01'  itemprop=\"thumbnailUrl\"  ><img decoding=\"async\" class=\"wp-image-1288 avia-img-lazy-loading-not-1288\"   src=\"https:\/\/cm.acciaiterni.it\/wp-content\/uploads\/2021\/01\/Promuovi_la_schiena_cs_01-495x400.jpg\" width=\"495\" height=\"400\"  title='Promuovi_la_schiena_cs_01' alt='' \/><\/a><\/div><\/div>\n<div class=\"flex_column av_one_full  flex_column_div av-zero-column-padding first  avia-builder-el-29  el_after_av_gallery  avia-builder-el-last  \" style='border-radius:0px; '><div  class='avia-video avia-video-16-9 avia-video-html5  ' style='background-image:url(\"https:\/\/cm.acciaiterni.it\/wp-content\/uploads\/2021\/01\/schiena_freeze-1030x510-1.jpg\");'  itemprop=\"video\" itemtype=\"https:\/\/schema.org\/VideoObject\"  data-original_url='https:\/\/cm.acciaiterni.it\/wp-content\/uploads\/2021\/01\/SCHIENA_SCUOLE_05_HD_.mp4' ><video class='avia_video' poster=\"https:\/\/cm.acciaiterni.it\/wp-content\/uploads\/2021\/01\/schiena_freeze-1030x510-1.jpg\"   preload=\"auto\"  controls id='player_1214_74470399_285263107'><source src=\"https:\/\/cm.acciaiterni.it\/wp-content\/uploads\/2021\/01\/SCHIENA_SCUOLE_05_HD_.mp4\" type=\"video\/mp4\" \/><\/video><\/div><\/div>\n\n","protected":false},"excerpt":{"rendered":"","protected":false},"author":1,"featured_media":0,"parent":0,"menu_order":0,"comment_status":"closed","ping_status":"closed","template":"","meta":{"footnotes":""},"class_list":["post-1214","page","type-page","status-publish","hentry"],"_links":{"self":[{"href":"https:\/\/cm.acciaiterni.it\/index.php?rest_route=\/wp\/v2\/pages\/1214","targetHints":{"allow":["GET"]}}],"collection":[{"href":"https:\/\/cm.acciaiterni.it\/index.php?rest_route=\/wp\/v2\/pages"}],"about":[{"href":"https:\/\/cm.acciaiterni.it\/index.php?rest_route=\/wp\/v2\/types\/page"}],"author":[{"embeddable":true,"href":"https:\/\/cm.acciaiterni.it\/index.php?rest_route=\/wp\/v2\/users\/1"}],"replies":[{"embeddable":true,"href":"https:\/\/cm.acciaiterni.it\/index.php?rest_route=%2Fwp%2Fv2%2Fcomments&post=1214"}],"version-history":[{"count":29,"href":"https:\/\/cm.acciaiterni.it\/index.php?rest_route=\/wp\/v2\/pages\/1214\/revisions"}],"predecessor-version":[{"id":2177,"href":"https:\/\/cm.acciaiterni.it\/index.php?rest_route=\/wp\/v2\/pages\/1214\/revisions\/2177"}],"wp:attachment":[{"href":"https:\/\/cm.acciaiterni.it\/index.php?rest_route=%2Fwp%2Fv2%2Fmedia&parent=1214"}],"curies":[{"name":"wp","href":"https:\/\/api.w.org\/{rel}","templated":true}]}}