{"id":1208,"date":"2021-01-10T17:17:36","date_gmt":"2021-01-10T16:17:36","guid":{"rendered":"https:\/\/cm.acciaiterni.it\/?page_id=1208"},"modified":"2021-02-17T15:22:12","modified_gmt":"2021-02-17T14:22:12","slug":"storia","status":"publish","type":"page","link":"https:\/\/cm.acciaiterni.it\/?page_id=1208","title":{"rendered":"STORIA"},"content":{"rendered":"<div id='layer_slider_1'  class='avia-layerslider main_color avia-shadow  avia-builder-el-0  el_before_av_layout_row  avia-builder-el-first  container_wrap fullsize' style='  height: 451px; max-width: 1500px; margin: 0 auto;' ><\/div>\n<div id='av-layout-grid-1'  class='av-layout-grid-container entry-content-wrapper main_color av-fixed-cells     avia-builder-el-1  el_after_av_layerslider  el_before_av_heading  submenu-not-first container_wrap fullsize' style=' '  >\n<div class=\"flex_cell no_margin av_one_half  avia-builder-el-2  el_before_av_cell_one_half  avia-builder-el-first   \"  style='vertical-align:top; padding:9px 0px 0px 0px ; background-color:#2388c2; ' ><div class='flex_cell_inner' ><\/div><\/div><div class=\"flex_cell no_margin av_one_half  avia-builder-el-3  el_after_av_cell_one_half  avia-builder-el-last   \"  style='vertical-align:top; padding:9px 0px 0px 0px ; background-color:#5fb4e4; ' ><div class='flex_cell_inner' ><\/div><\/div>\n<\/div><div id='after_submenu_1'  class='main_color av_default_container_wrap container_wrap fullsize' style=' '  ><div class='container' ><div class='template-page content  av-content-full alpha units'><div class='post-entry post-entry-type-page post-entry-1208'><div class='entry-content-wrapper clearfix'>\n<div  style='padding-bottom:10px; ' class='av-special-heading av-special-heading-h2  blockquote modern-quote  avia-builder-el-4  el_after_av_layout_row  el_before_av_textblock  avia-builder-el-first  '><h2 class='av-special-heading-tag '  itemprop=\"headline\"  >LA STORIA DELLA CASSA MUTUA AZIENDALE <\/h2><div class='special-heading-border'><div class='special-heading-inner-border' ><\/div><\/div><\/div>\n<section class=\"av_textblock_section \"  itemscope=\"itemscope\" itemtype=\"https:\/\/schema.org\/CreativeWork\" ><div class='avia_textblock  '   itemprop=\"text\" ><p><strong>Acciai Speciali Terni<\/strong> si interessa della salute dei propri dipendenti fin dalle sue origini. Le prime notizie circa la creazione di istituti aventi per scopo il soccorso medico, risalgono al 1898 e ci raccontano dell\u2019attivit\u00e0 della Cassa Soccorso Malati, la prima istituzione di mutuo soccorso cui l\u2019azienda dette vita. La Cassa provvedeva a fornire visite mediche e medicine agli operai per malattie o ferite non comprese nei casi d\u2019infortunio, per i quali si provvedeva separatamente (secondo la legge sugli infortuni degli operai del 31 marzo 1898) e erogava un sussidio corrispondente alla met\u00e0 della paga per i primi sei mesi di malattia e ad un quarto per altri sei mesi. Il patrimonio era formato da un annuo contributo versato dalla Societ\u00e0 e da un contributo che ogni operaio versava alla fine di ogni quindicina.<\/p>\n<\/div><\/section>\n<div  style='height:50px' class='hr hr-invisible   avia-builder-el-6  el_after_av_textblock  el_before_av_gallery '><span class='hr-inner ' ><span class='hr-inner-style'><\/span><\/span><\/div>\n<div  class='avia-gallery  avia-gallery-1 avia_lazyload avia-gallery-animate avia_animate_when_visible  avia-builder-el-7  el_after_av_hr  el_before_av_one_full '  itemprop=\"image\" itemscope=\"itemscope\" itemtype=\"https:\/\/schema.org\/ImageObject\" ><div class='avia-gallery-thumb'> <a href='https:\/\/cm.acciaiterni.it\/wp-content\/uploads\/2021\/01\/CMA_Storia_07-1030x722.jpg' data-rel='gallery-1' data-prev-img='https:\/\/cm.acciaiterni.it\/wp-content\/uploads\/2021\/01\/CMA_Storia_07-495x400.jpg' class='first_thumb lightbox ' data-onclick='1' title='CMA_Storia_07'  itemprop=\"thumbnailUrl\"  ><img decoding=\"async\" class=\"wp-image-1334 avia-img-lazy-loading-not-1334\"   src=\"https:\/\/cm.acciaiterni.it\/wp-content\/uploads\/2021\/01\/CMA_Storia_07-495x400.jpg\" width=\"495\" height=\"400\"  title='CMA_Storia_07' alt='' srcset=\"https:\/\/cm.acciaiterni.it\/wp-content\/uploads\/2021\/01\/CMA_Storia_07-495x400.jpg 495w, https:\/\/cm.acciaiterni.it\/wp-content\/uploads\/2021\/01\/CMA_Storia_07-845x684.jpg 845w\" sizes=\"(max-width: 495px) 100vw, 495px\" \/><\/a> <a href='https:\/\/cm.acciaiterni.it\/wp-content\/uploads\/2021\/01\/CMA_Storia_06-1030x705.jpg' data-rel='gallery-1' data-prev-img='https:\/\/cm.acciaiterni.it\/wp-content\/uploads\/2021\/01\/CMA_Storia_06-495x400.jpg' class='lightbox ' data-onclick='2' title='CMA_Storia_06'  itemprop=\"thumbnailUrl\"  ><img decoding=\"async\" class=\"wp-image-1333 avia-img-lazy-loading-not-1333\"   src=\"https:\/\/cm.acciaiterni.it\/wp-content\/uploads\/2021\/01\/CMA_Storia_06-495x400.jpg\" width=\"495\" height=\"400\"  title='CMA_Storia_06' alt='' srcset=\"https:\/\/cm.acciaiterni.it\/wp-content\/uploads\/2021\/01\/CMA_Storia_06-495x400.jpg 495w, https:\/\/cm.acciaiterni.it\/wp-content\/uploads\/2021\/01\/CMA_Storia_06-845x684.jpg 845w\" sizes=\"(max-width: 495px) 100vw, 495px\" \/><\/a> <a href='https:\/\/cm.acciaiterni.it\/wp-content\/uploads\/2021\/01\/CMA_Storia_04-965x1030.jpg' data-rel='gallery-1' data-prev-img='https:\/\/cm.acciaiterni.it\/wp-content\/uploads\/2021\/01\/CMA_Storia_04-495x400.jpg' class='lightbox ' data-onclick='3' title='CMA_Storia_04'  itemprop=\"thumbnailUrl\"  ><img decoding=\"async\" class=\"wp-image-1332 avia-img-lazy-loading-not-1332\"   src=\"https:\/\/cm.acciaiterni.it\/wp-content\/uploads\/2021\/01\/CMA_Storia_04-495x400.jpg\" width=\"495\" height=\"400\"  title='CMA_Storia_04' alt='' srcset=\"https:\/\/cm.acciaiterni.it\/wp-content\/uploads\/2021\/01\/CMA_Storia_04-495x400.jpg 495w, https:\/\/cm.acciaiterni.it\/wp-content\/uploads\/2021\/01\/CMA_Storia_04-845x684.jpg 845w\" sizes=\"(max-width: 495px) 100vw, 495px\" \/><\/a> <a href='https:\/\/cm.acciaiterni.it\/wp-content\/uploads\/2021\/01\/CMA_Storia_03-938x1030.jpg' data-rel='gallery-1' data-prev-img='https:\/\/cm.acciaiterni.it\/wp-content\/uploads\/2021\/01\/CMA_Storia_03-495x400.jpg' class='lightbox ' data-onclick='4' title='CMA_Storia_03'  itemprop=\"thumbnailUrl\"  ><img decoding=\"async\" class=\"wp-image-1331 avia-img-lazy-loading-not-1331\"   src=\"https:\/\/cm.acciaiterni.it\/wp-content\/uploads\/2021\/01\/CMA_Storia_03-495x400.jpg\" width=\"495\" height=\"400\"  title='CMA_Storia_03' alt='' srcset=\"https:\/\/cm.acciaiterni.it\/wp-content\/uploads\/2021\/01\/CMA_Storia_03-495x400.jpg 495w, https:\/\/cm.acciaiterni.it\/wp-content\/uploads\/2021\/01\/CMA_Storia_03-845x684.jpg 845w\" sizes=\"(max-width: 495px) 100vw, 495px\" \/><\/a> <a href='https:\/\/cm.acciaiterni.it\/wp-content\/uploads\/2021\/01\/CMA_Storia_02-1030x696.jpg' data-rel='gallery-1' data-prev-img='https:\/\/cm.acciaiterni.it\/wp-content\/uploads\/2021\/01\/CMA_Storia_02-495x400.jpg' class='lightbox ' data-onclick='5' title='CMA_Storia_02'  itemprop=\"thumbnailUrl\"  ><img decoding=\"async\" class=\"wp-image-1330 avia-img-lazy-loading-not-1330\"   src=\"https:\/\/cm.acciaiterni.it\/wp-content\/uploads\/2021\/01\/CMA_Storia_02-495x400.jpg\" width=\"495\" height=\"400\"  title='CMA_Storia_02' alt='' srcset=\"https:\/\/cm.acciaiterni.it\/wp-content\/uploads\/2021\/01\/CMA_Storia_02-495x400.jpg 495w, https:\/\/cm.acciaiterni.it\/wp-content\/uploads\/2021\/01\/CMA_Storia_02-845x684.jpg 845w\" sizes=\"(max-width: 495px) 100vw, 495px\" \/><\/a><\/div><\/div>\n<div class=\"flex_column av_one_full  flex_column_div av-zero-column-padding first  avia-builder-el-8  el_after_av_gallery  el_before_av_section  avia-builder-el-last  \" style='border-radius:0px; '><p><section class=\"av_textblock_section \"  itemscope=\"itemscope\" itemtype=\"https:\/\/schema.org\/CreativeWork\" ><div class='avia_textblock  '   itemprop=\"text\" ><p>Gi\u00e0 nei primi anni del \u2018900 (non si conosce la data esatta della fondazione) l\u2019azienda istitu\u00ec per la cura dei suoi operai colpiti da infortunio l\u2019Istituto di Terapia Fisica e nella pubblicistica dell\u2019epoca la Societ\u00e0 venne lodata come la \u00abprima fra tutte le Societ\u00e0 industriali, ed ancora oggi unica in Italia che risolutamente forn\u00ec la benefica soluzione di cos\u00ec complesso problema\u00bb.<\/p>\n<p>Nel corso degli anni l\u2019assistenza sanitaria aziendale si and\u00f2 ampliando e strutturando, essendo aumentate le necessit\u00e0 di una realt\u00e0 produttiva divenuta negli anni \u201920 un complesso industriale polisettoriale composto, oltre che dall\u2019acciaieria, da stabilimenti elettrochimici, impianti idroelettrici, miniere e anche da un cementificio.\u00a0 Oltre alle infermerie presenti all\u2019interno di ogni stabilimento per le prestazioni di primo soccorso, venne istituito il Sevizio Sanitario Centrale, situato in una zona centrale di Terni, ma non distante dall\u2019acciaieria. Esso aveva la precisa funzione di accogliere gli impiegati e tutti quei operai infortunati o ammalati, che necessitavano di assistenza medico-chirurgica, o di particolari indagini cliniche e sussidi terapeutici. Era aperto dodici ore al giorno e potevano accedervi anche i famigliari dei dipendenti.<\/p>\n<p>L\u2019attuale <strong>Cassa Mutua Aziendale della Acciai Speciali Terni S.p.A.<\/strong> \u00e8 stata costituita nel 1968 a seguito dell\u2019accordo fra le Organizzazioni Sindacali e la allora \u201cSociet\u00e0 Terni per l\u2019Industria e l\u2019Elettricit\u00e0 S.p.A.\u201d per fornire, in sostituzione dell&#8217;INAM (l&#8217;Istituto Nazionale per l&#8217;Assicurazione contro le Malattie) ed a fronte della trattenuta dei contributi di legge previsti per l\u2019assistenza malattia, l\u2019assistenza sanitaria nei confronti degli impiegati e, con l\u2019accordo sindacale dl 1997, anche agli operai.<\/p>\n<\/div><\/section><br \/>\n<div  style='height:50px' class='hr hr-invisible   avia-builder-el-10  el_after_av_textblock  avia-builder-el-last '><span class='hr-inner ' ><span class='hr-inner-style'><\/span><\/span><\/div><\/p><\/div><\/div><\/div><\/div><!-- close content main div --><\/div><\/div><div id='av_section_1'  class='avia-section main_color avia-section-default avia-no-border-styling  av-parallax-section avia-bg-style-parallax  avia-builder-el-11  el_after_av_one_full  el_before_av_hr   av-minimum-height av-minimum-height-custom  container_wrap fullsize' style=' '  data-section-bg-repeat='no-repeat'><div class='av-parallax' data-avia-parallax-ratio='0.3' ><div class='av-parallax-inner main_color  avia-full-stretch' style = 'background-repeat: no-repeat; background-image: url(https:\/\/cm.acciaiterni.it\/wp-content\/uploads\/2021\/01\/CMA_WEB_01.jpg);background-attachment: scroll; background-position: bottom center; ' ><\/div><\/div><div class='container' style='height:500px'><div class='template-page content  av-content-full alpha units'><div class='post-entry post-entry-type-page post-entry-1208'><div class='entry-content-wrapper clearfix'><\/div><\/div><\/div><!-- close content main div --><\/div><\/div><div id='after_section_1'  class='main_color av_default_container_wrap container_wrap fullsize' style=' '  ><div class='container' ><div class='template-page content  av-content-full alpha units'><div class='post-entry post-entry-type-page post-entry-1208'><div class='entry-content-wrapper clearfix'><\/p>\n<div  style='height:50px' class='hr hr-invisible   avia-builder-el-12  el_after_av_section  el_before_av_four_fifth  avia-builder-el-first '><span class='hr-inner ' ><span class='hr-inner-style'><\/span><\/span><\/div>\n<div class=\"flex_column av_four_fifth  flex_column_div av-zero-column-padding first  avia-builder-el-13  el_after_av_hr  el_before_av_one_fifth  \" style='border-radius:0px; '><section class=\"av_textblock_section \"  itemscope=\"itemscope\" itemtype=\"https:\/\/schema.org\/CreativeWork\" ><div class='avia_textblock  '   itemprop=\"text\" ><p>La <strong>Cassa Mutua Aziendale della Acciai Speciali Terni S.p.A.<\/strong> ininterrottamente da 50 anni consente agli iscritti di usufruire di prestazioni mediche integrative e migliorative di quelle previste dal Servizio Sanitario Nazionale, secondo logiche di servizio orientate ai dipendenti AST ed ai loro familiari che sono parte stessa della Cassa Mutua Aziendale. Un istituto che evidenzia la grande attenzione al benessere dei dipendenti AST ancor prima che si iniziasse a parlare di Welfare nel nostro paese.<\/p>\n<p><strong>Al 31 dicembre 2020 gli iscritti alla Cassa Mutua sono 1.563, con un bacino di utenza di circa 3.350 assistiti,<\/strong> e con un alleggerimento notevole delle prestazioni fornite dalle ASL del territorio soprattutto per quanto riguarda la diagnostica che, notoriamente, richiede lunghi tempi di attesa. I mezzi finanziari necessari derivano dai contributi degli iscritti.<\/p>\n<p>La <strong>Acciai Speciali Terni S.p.A.<\/strong>, come avviene fin dalla costituzione della Cassa Mutua, contribuisce fornendo i locali ed i servizi amministrativi. Il Servizio Sanitario della Cassa Mutua \u00e8 situato in Viale B. Brin, in prossimit\u00e0 dello stabilimento, in un edificio che pu\u00f2 essere definito un piccolo modello logistico-organizzativo sanitario grazie agli interventi della Acciai Speciali Terni S.p.A. per renderla, anche dal punto di vista degli ambienti, in linea con gli standard di accoglienza delle strutture sanitarie.<\/p>\n<\/div><\/section><\/div><div class=\"flex_column av_one_fifth  flex_column_div av-zero-column-padding   avia-builder-el-15  el_after_av_four_fifth  el_before_av_hr  \" style='border-radius:0px; '><div  class='avia-image-container  av-styling-    avia-builder-el-16  avia-builder-el-no-sibling  avia-align-center '  itemprop=\"image\" itemscope=\"itemscope\" itemtype=\"https:\/\/schema.org\/ImageObject\"  ><div class='avia-image-container-inner'><div class='avia-image-overlay-wrap'><img decoding=\"async\" class='wp-image-1294 avia-img-lazy-loading-not-1294 avia_image' src=\"https:\/\/cm.acciaiterni.it\/wp-content\/uploads\/2021\/01\/CMA_50_logo_blu-204x300.png\" alt='' title='CMA_50_logo_blu' height=\"300\" width=\"204\"  itemprop=\"thumbnailUrl\" srcset=\"https:\/\/cm.acciaiterni.it\/wp-content\/uploads\/2021\/01\/CMA_50_logo_blu-204x300.png 204w, https:\/\/cm.acciaiterni.it\/wp-content\/uploads\/2021\/01\/CMA_50_logo_blu-700x1030.png 700w, https:\/\/cm.acciaiterni.it\/wp-content\/uploads\/2021\/01\/CMA_50_logo_blu-479x705.png 479w, https:\/\/cm.acciaiterni.it\/wp-content\/uploads\/2021\/01\/CMA_50_logo_blu.png 712w\" sizes=\"(max-width: 204px) 100vw, 204px\" \/><\/div><\/div><\/div><\/div><\/p>\n<div   class='hr hr-default   avia-builder-el-17  el_after_av_one_fifth  el_before_av_one_half '><span class='hr-inner ' ><span class='hr-inner-style'><\/span><\/span><\/div>\n<div class=\"flex_column av_one_half  flex_column_div av-zero-column-padding first  avia-builder-el-18  el_after_av_hr  el_before_av_one_half  \" style='border-radius:0px; '><section class=\"av_textblock_section \"  itemscope=\"itemscope\" itemtype=\"https:\/\/schema.org\/CreativeWork\" ><div class='avia_textblock  '   itemprop=\"text\" ><p>La gestione della Cassa Mutua \u00e8 affidata ad un Consiglio di Amministrazione i cui componenti sono nominati in forma paritaria dalla Acciai Speciali Terni S.p.A. e dalle Organizzazioni Sindacali. Il Presidente, di nomina aziendale, viene designato dalla Acciai Speciali Terni. L\u2019Amministratore Delegato, viene designato a rotazione dalle Organizzazioni Sindacali. Il controllo contabile e amministrativo della Cassa Mutua \u00e8 affidato ad un Collegio Sindacale, composto da due Sindaci di nomina aziendale e da un Sindaco eletto dall\u2019Assemblea degli iscritti. L\u2019operativit\u00e0 della Cassa Mutua \u00e8 affidata ad un team composto da una responsabile amministrativa, coadiuvata da una addetta all\u2019infermeria e da una addetta all\u2019accettazione.<\/p>\n<\/div><\/section><\/div>\n<div class=\"flex_column av_one_half  flex_column_div av-zero-column-padding   avia-builder-el-20  el_after_av_one_half  el_before_av_hr  \" style='box-shadow: 0 0 10px 0 #999999; border-radius:0px; '><p><div  class='avia-video avia-video-16-9 avia-video-html5  ' style='background-image:url(\"https:\/\/cm.acciaiterni.it\/wp-content\/uploads\/2021\/01\/50VIDEO_FREEZE.png\");'  itemprop=\"video\" itemtype=\"https:\/\/schema.org\/VideoObject\"  data-original_url='https:\/\/cm.acciaiterni.it\/wp-content\/uploads\/2021\/01\/CMA-50anni_05hd_converted.mp4' ><video class='avia_video' poster=\"https:\/\/cm.acciaiterni.it\/wp-content\/uploads\/2021\/01\/50VIDEO_FREEZE.png\"   preload=\"auto\"  controls id='player_1208_1467481903_20420146'><source src=\"https:\/\/cm.acciaiterni.it\/wp-content\/uploads\/2021\/01\/CMA-50anni_05hd_converted.mp4\" type=\"video\/mp4\" \/><\/video><\/div><br \/>\n<section class=\"av_textblock_section \"  itemscope=\"itemscope\" itemtype=\"https:\/\/schema.org\/CreativeWork\" ><div class='avia_textblock  '   itemprop=\"text\" ><p style=\"text-align: center;\"><strong>VIDEO 50 ANNI CMA<\/strong><\/p>\n<\/div><\/section><\/p><\/div>\n<div   class='hr hr-default   avia-builder-el-23  el_after_av_one_half  el_before_av_one_full '><span class='hr-inner ' ><span class='hr-inner-style'><\/span><\/span><\/div>\n<div class=\"flex_column av_one_full  flex_column_div av-zero-column-padding first  avia-builder-el-24  el_after_av_hr  avia-builder-el-last  \" style='border-radius:0px; '><section class=\"av_textblock_section \"  itemscope=\"itemscope\" itemtype=\"https:\/\/schema.org\/CreativeWork\" ><div class='avia_textblock  '   itemprop=\"text\" ><p>Tutta l\u2019attivit\u00e0 della Cassa Mutua Aziendale ha il fine della rapidit\u00e0 e della qualit\u00e0, abbinata alla pi\u00f9 ampia libert\u00e0 di scelta del medico e della struttura di fiducia. Inoltre la Cassa Mutua Aziendale eroga assistenza indiretta rimborsando prestazioni esterne al suo Servizio Sanitario e risolvendo problemi sanitari, anche di forte impatto economico, in strutture di alta specializzazione in Italia e all\u2019estero. Viene cos\u00ec realizzato l\u2019obiettivo istituzionale della Cassa Mutua Aziendale di erogare, agli iscritti ed ai familiari a carico, assistenza medica (visite, esami, accertamenti clinici, cure fisiche) secondo criteri di sussidiariet\u00e0 e solidariet\u00e0.<\/p>\n<p>La lunga vita della Cassa Mutua Aziendale \u00e8 stata caratterizzata dal continuo sforzo di migliorare le prestazioni fornite agli iscritti mediante un costante adeguamento delle attrezzature sanitarie e mediante la ricerca costante di collaborazioni mediche e para-mediche qualificate. La migliore prova dell\u2019efficienza e delle prestazioni erogate \u00e8 testimoniata dall\u2019incremento delle prestazioni fornite direttamente dalla Cassa Mutua Aziendale rispetto ai rimborsi per l\u2019assistenza prestata all\u2019esterno. Grazie alla gestione oculata realizzata fra Acciai Speciali Terni S.p.A. e Organizzazioni Sindacali gli iscritti alla Cassa Mutua Aziendale hanno a disposizione tecnologie mediche avanzate ed una struttura continuamente adeguata per offrire un servizio sempre pi\u00f9\u2019 professionale.<\/p>\n<\/div><\/section><\/div>\n","protected":false},"excerpt":{"rendered":"","protected":false},"author":1,"featured_media":0,"parent":0,"menu_order":0,"comment_status":"closed","ping_status":"closed","template":"","meta":{"footnotes":""},"class_list":["post-1208","page","type-page","status-publish","hentry"],"_links":{"self":[{"href":"https:\/\/cm.acciaiterni.it\/index.php?rest_route=\/wp\/v2\/pages\/1208","targetHints":{"allow":["GET"]}}],"collection":[{"href":"https:\/\/cm.acciaiterni.it\/index.php?rest_route=\/wp\/v2\/pages"}],"about":[{"href":"https:\/\/cm.acciaiterni.it\/index.php?rest_route=\/wp\/v2\/types\/page"}],"author":[{"embeddable":true,"href":"https:\/\/cm.acciaiterni.it\/index.php?rest_route=\/wp\/v2\/users\/1"}],"replies":[{"embeddable":true,"href":"https:\/\/cm.acciaiterni.it\/index.php?rest_route=%2Fwp%2Fv2%2Fcomments&post=1208"}],"version-history":[{"count":21,"href":"https:\/\/cm.acciaiterni.it\/index.php?rest_route=\/wp\/v2\/pages\/1208\/revisions"}],"predecessor-version":[{"id":2038,"href":"https:\/\/cm.acciaiterni.it\/index.php?rest_route=\/wp\/v2\/pages\/1208\/revisions\/2038"}],"wp:attachment":[{"href":"https:\/\/cm.acciaiterni.it\/index.php?rest_route=%2Fwp%2Fv2%2Fmedia&parent=1208"}],"curies":[{"name":"wp","href":"https:\/\/api.w.org\/{rel}","templated":true}]}}